{"id":3150,"date":"2025-12-23T16:48:22","date_gmt":"2025-12-23T15:48:22","guid":{"rendered":"https:\/\/daphneeopale.com\/?page_id=3150"},"modified":"2025-12-23T16:48:22","modified_gmt":"2025-12-23T15:48:22","slug":"mentions-legales","status":"publish","type":"page","link":"https:\/\/daphneeopale.com\/index.php\/mentions-legales\/","title":{"rendered":"Mentions l\u00e9gales"},"content":{"rendered":"<div class=\"wpb-content-wrapper\"><p>[vc_row full_width=\u00a0\u00bbstretch_row\u00a0\u00bb content_placement=\u00a0\u00bbmiddle\u00a0\u00bb bg_type=\u00a0\u00bbimage\u00a0\u00bb parallax_style=\u00a0\u00bbvcpb-vz-jquery\u00a0\u00bb bg_image_new=\u00a0\u00bbid^3104|url^http:\/\/daphneeopale.com\/wp-content\/uploads\/2025\/09\/555729527_10238000163452896_1415463384718149544_n.jpg|caption^null|alt^Daphn\u00e9e Opale Make up artist photographe|title^Daphn\u00e9e Opale Make up artist photographe|description^null\u00a0\u00bb bg_image_repeat=\u00a0\u00bbno-repeat\u00a0\u00bb bg_override=\u00a0\u00bbex-full\u00a0\u00bb enable_overlay=\u00a0\u00bbenable_overlay_value\u00a0\u00bb overlay_color=\u00a0\u00bbrgba(10,8,8,0.5)\u00a0\u00bb css=\u00a0\u00bb.vc_custom_1766504775473{padding-top: 80px !important;padding-bottom: 90px !important;}\u00a0\u00bb][vc_column css_animation=\u00a0\u00bbfadeIn\u00a0\u00bb width=\u00a0\u00bb5\/6&Prime; offset=\u00a0\u00bbvc_col-lg-offset-2 vc_col-lg-8 vc_col-md-offset-2 vc_col-md-8 vc_col-sm-offset-1&Prime;]<div id=\"ultimate-heading-707369e1672dd5f9b\" class=\"uvc-heading ult-adjust-bottom-margin ultimate-heading-707369e1672dd5f9b uvc-4849 \" data-hspacer=\"icon_only\"  data-halign=\"center\" style=\"text-align:center\"><div class=\"uvc-heading-spacer icon_only\" style=\"top\"><div class=\"ult-just-icon-wrapper  \"><div class=\"align-icon\" style=\"text-align:center;\">\n<div class=\"aio-icon none \"  style=\"color:#bc8c96;font-size:32px;display:inline-block;\">\n\t<i class=\"icomoon-the7-font-the7-mail-011\"><\/i>\n<\/div><\/div><\/div><\/div><div class=\"uvc-main-heading ult-responsive\"  data-ultimate-target='.uvc-heading.ultimate-heading-707369e1672dd5f9b h3'  data-responsive-json-new='{\"font-size\":\"tablet_portrait:56px;mobile_landscape:40px;\",\"line-height\":\"tablet_portrait:50px;mobile_landscape:40px;\"}' ><h3 style=\"font-family:&#039;Alex Brush&#039;;font-weight:normal;font-style:normal;color:#ffffff;margin-bottom:10px;\">Mentions l\u00e9gales<\/h3><\/div><\/div>[\/vc_column][\/vc_row][vc_row full_width=\u00a0\u00bbstretch_row_content_no_spaces\u00a0\u00bb content_placement=\u00a0\u00bbmiddle\u00a0\u00bb bg_type=\u00a0\u00bbimage\u00a0\u00bb parallax_style=\u00a0\u00bbvcpb-vz-jquery\u00a0\u00bb bg_image_repeat=\u00a0\u00bbno-repeat\u00a0\u00bb bg_override=\u00a0\u00bbex-full\u00a0\u00bb enable_overlay=\u00a0\u00bbenable_overlay_value\u00a0\u00bb overlay_color=\u00a0\u00bbrgba(10,8,8,0.5)\u00a0\u00bb css=\u00a0\u00bb.vc_custom_1766504857644{padding-top: 80px !important;padding-bottom: 90px !important;}\u00a0\u00bb][vc_column css_animation=\u00a0\u00bbfadeIn\u00a0\u00bb][vc_column_text]<\/p>\n<p data-start=\"261\" data-end=\"465\">Conform\u00e9ment aux dispositions des articles 6-III et 19 de la Loi pour la Confiance dans l\u2019\u00c9conomie Num\u00e9rique (LCEN), il est port\u00e9 \u00e0 la connaissance des utilisateurs du site les pr\u00e9sentes mentions l\u00e9gales.<\/p>\n<h3 data-start=\"467\" data-end=\"489\">\u00c9ditrice du site<\/h3>\n<p data-start=\"490\" data-end=\"688\"><strong data-start=\"490\" data-end=\"510\">Nom commercial :<\/strong> Daphn\u00e9e Opale<br data-start=\"524\" data-end=\"527\" \/><strong data-start=\"527\" data-end=\"549\">Statut juridique :<\/strong> Auto-entreprise<br data-start=\"565\" data-end=\"568\" \/><strong data-start=\"568\" data-end=\"586\">Num\u00e9ro SIRET :<\/strong> 823 240 924 00022<br data-start=\"604\" data-end=\"607\" \/><strong data-start=\"607\" data-end=\"636\">Adresse du si\u00e8ge social :<\/strong><br data-start=\"636\" data-end=\"639\" \/>5 all\u00e9e de la R\u00e9publique, 46000 Gourdon, France<\/p>\n<p data-start=\"690\" data-end=\"821\"><strong data-start=\"690\" data-end=\"710\">Adresse e-mail :<\/strong> <a class=\"decorated-link cursor-pointer\" rel=\"noopener\" data-start=\"711\" data-end=\"735\">contact@daphneeopale.com<\/a><br data-start=\"735\" data-end=\"738\" \/><strong data-start=\"738\" data-end=\"753\">T\u00e9l\u00e9phone :<\/strong> 06 36 26 26 48<br data-start=\"768\" data-end=\"771\" \/><strong data-start=\"771\" data-end=\"790\">Site internet :<\/strong> <a class=\"decorated-link\" href=\"https:\/\/www.daphneeopale.com\/\" target=\"_new\" rel=\"noopener\" data-start=\"791\" data-end=\"819\">https:\/\/www.daphneeopale.com<\/a><\/p>\n<h3 data-start=\"823\" data-end=\"857\">Directrice de la publication<\/h3>\n<p data-start=\"858\" data-end=\"865\">Daphn\u00e9e<\/p>\n<h3 data-start=\"867\" data-end=\"884\">H\u00e9bergement<\/h3>\n<p data-start=\"885\" data-end=\"1012\">Le site est h\u00e9berg\u00e9 par :<br data-start=\"910\" data-end=\"913\" \/><strong data-start=\"913\" data-end=\"920\">OVH<\/strong><br data-start=\"920\" data-end=\"923\" \/>2 rue Kellermann<br data-start=\"939\" data-end=\"942\" \/>59100 Roubaix \u2013 France<br data-start=\"964\" data-end=\"967\" \/>T\u00e9l\u00e9phone : 1007<br data-start=\"983\" data-end=\"986\" \/>Site : <a class=\"decorated-link\" href=\"https:\/\/www.ovh.com\/\" target=\"_new\" rel=\"noopener\" data-start=\"993\" data-end=\"1012\">https:\/\/www.ovh.com<\/a><\/p>\n<h3 data-start=\"1014\" data-end=\"1044\">Propri\u00e9t\u00e9 intellectuelle<\/h3>\n<p data-start=\"1045\" data-end=\"1293\">L\u2019ensemble des contenus pr\u00e9sents sur le site daphneeopale.com (textes, photographies, images, logos, cr\u00e9ations graphiques, vid\u00e9os, etc.) est prot\u00e9g\u00e9 par le droit d\u2019auteur et demeure la propri\u00e9t\u00e9 exclusive de Daphn\u00e9e Opale, sauf mention contraire.<\/p>\n<p data-start=\"1295\" data-end=\"1521\">Toute reproduction, repr\u00e9sentation, modification, publication ou adaptation, totale ou partielle, de ces \u00e9l\u00e9ments, quel que soit le moyen ou le proc\u00e9d\u00e9 utilis\u00e9, est interdite sans l\u2019autorisation \u00e9crite pr\u00e9alable de l\u2019\u00e9ditrice.<\/p>\n<h3 data-start=\"1523\" data-end=\"1549\">Donn\u00e9es personnelles<\/h3>\n<p data-start=\"1550\" data-end=\"1656\">Le site daphneeopale.com ne collecte pas de donn\u00e9es personnelles via un formulaire de contact \u00e0 ce jour.<\/p>\n<p data-start=\"1658\" data-end=\"1917\">Une newsletter et un syst\u00e8me de prise de rendez-vous en ligne pourront \u00eatre mis en place ult\u00e9rieurement. Le cas \u00e9ch\u00e9ant, les donn\u00e9es collect\u00e9es seront utilis\u00e9es uniquement dans le cadre de la relation avec l\u2019utilisateur et ne seront jamais c\u00e9d\u00e9es \u00e0 des tiers.<\/p>\n<p data-start=\"1919\" data-end=\"2173\">Conform\u00e9ment au R\u00e8glement G\u00e9n\u00e9ral sur la Protection des Donn\u00e9es (RGPD), l\u2019utilisateur dispose d\u2019un droit d\u2019acc\u00e8s, de rectification et de suppression des donn\u00e9es le concernant.<br data-start=\"2094\" data-end=\"2097\" \/>Toute demande peut \u00eatre adress\u00e9e par e-mail \u00e0 : <strong data-start=\"2145\" data-end=\"2173\"><a class=\"decorated-link cursor-pointer\" rel=\"noopener\" data-start=\"2147\" data-end=\"2171\">contact@daphneeopale.com<\/a><\/strong><\/p>\n<h3 data-start=\"2175\" data-end=\"2188\">Cookies<\/h3>\n<p data-start=\"2189\" data-end=\"2386\">Le site peut utiliser des cookies n\u00e9cessaires \u00e0 son bon fonctionnement ou \u00e0 des fins de mesure d\u2019audience.<br data-start=\"2295\" data-end=\"2298\" \/>L\u2019utilisateur peut configurer son navigateur afin de refuser tout ou partie des cookies.<\/p>\n<p>[\/vc_column_text][\/vc_column][\/vc_row]<\/p>\n<\/div>","protected":false},"excerpt":{"rendered":"<p>[vc_row full_width=\u00a0\u00bbstretch_row\u00a0\u00bb content_placement=\u00a0\u00bbmiddle\u00a0\u00bb bg_type=\u00a0\u00bbimage\u00a0\u00bb parallax_style=\u00a0\u00bbvcpb-vz-jquery\u00a0\u00bb bg_image_new=\u00a0\u00bbid^3104|url^http:\/\/daphneeopale.com\/wp-content\/uploads\/2025\/09\/555729527_10238000163452896_1415463384718149544_n.jpg|caption^null|alt^Daphn\u00e9e Opale Make up artist photographe|title^Daphn\u00e9e Opale Make up artist photographe|description^null\u00a0\u00bb bg_image_repeat=\u00a0\u00bbno-repeat\u00a0\u00bb bg_override=\u00a0\u00bbex-full\u00a0\u00bb enable_overlay=\u00a0\u00bbenable_overlay_value\u00a0\u00bb overlay_color=\u00a0\u00bbrgba(10,8,8,0.5)\u00a0\u00bb css=\u00a0\u00bb.vc_custom_1766504775473{padding-top: 80px !important;padding-bottom: 90px !important;}\u00a0\u00bb][vc_column css_animation=\u00a0\u00bbfadeIn\u00a0\u00bb width=\u00a0\u00bb5\/6&Prime; offset=\u00a0\u00bbvc_col-lg-offset-2 vc_col-lg-8 vc_col-md-offset-2 vc_col-md-8 vc_col-sm-offset-1&Prime;][\/vc_column][\/vc_row][vc_row full_width=\u00a0\u00bbstretch_row_content_no_spaces\u00a0\u00bb content_placement=\u00a0\u00bbmiddle\u00a0\u00bb bg_type=\u00a0\u00bbimage\u00a0\u00bb parallax_style=\u00a0\u00bbvcpb-vz-jquery\u00a0\u00bb bg_image_repeat=\u00a0\u00bbno-repeat\u00a0\u00bb bg_override=\u00a0\u00bbex-full\u00a0\u00bb enable_overlay=\u00a0\u00bbenable_overlay_value\u00a0\u00bb overlay_color=\u00a0\u00bbrgba(10,8,8,0.5)\u00a0\u00bb css=\u00a0\u00bb.vc_custom_1766504857644{padding-top: 80px !important;padding-bottom: 90px !important;}\u00a0\u00bb][vc_column css_animation=\u00a0\u00bbfadeIn\u00a0\u00bb][vc_column_text] Conform\u00e9ment aux dispositions des articles 6-III et 19 de&hellip;<\/p>\n","protected":false},"author":1,"featured_media":0,"parent":0,"menu_order":0,"comment_status":"closed","ping_status":"closed","template":"template-microsite.php","meta":{"_monsterinsights_skip_tracking":false,"_monsterinsights_sitenote_active":false,"_monsterinsights_sitenote_note":"","_monsterinsights_sitenote_category":0,"footnotes":""},"class_list":["post-3150","page","type-page","status-publish","hentry","description-off"],"_links":{"self":[{"href":"https:\/\/daphneeopale.com\/index.php\/wp-json\/wp\/v2\/pages\/3150","targetHints":{"allow":["GET"]}}],"collection":[{"href":"https:\/\/daphneeopale.com\/index.php\/wp-json\/wp\/v2\/pages"}],"about":[{"href":"https:\/\/daphneeopale.com\/index.php\/wp-json\/wp\/v2\/types\/page"}],"author":[{"embeddable":true,"href":"https:\/\/daphneeopale.com\/index.php\/wp-json\/wp\/v2\/users\/1"}],"replies":[{"embeddable":true,"href":"https:\/\/daphneeopale.com\/index.php\/wp-json\/wp\/v2\/comments?post=3150"}],"version-history":[{"count":3,"href":"https:\/\/daphneeopale.com\/index.php\/wp-json\/wp\/v2\/pages\/3150\/revisions"}],"predecessor-version":[{"id":3153,"href":"https:\/\/daphneeopale.com\/index.php\/wp-json\/wp\/v2\/pages\/3150\/revisions\/3153"}],"wp:attachment":[{"href":"https:\/\/daphneeopale.com\/index.php\/wp-json\/wp\/v2\/media?parent=3150"}],"curies":[{"name":"wp","href":"https:\/\/api.w.org\/{rel}","templated":true}]}}